{"id":79166,"date":"2017-02-07T13:00:13","date_gmt":"2017-02-07T13:00:13","guid":{"rendered":"https:\/\/dev1.mi-backup.ch\/?page_id=79166"},"modified":"2024-08-16T09:06:18","modified_gmt":"2024-08-16T09:06:18","slug":"__trashed-14","status":"publish","type":"page","link":"https:\/\/dev1.mi-backup.ch\/it\/__trashed-14\/","title":{"rendered":"Linee guida per la costituzione di un gruppo MI"},"content":{"rendered":"<p>\u00c8 ovvio che lavorare in gruppo \u00e8 pi\u00f9 efficace da un lato, ma anche pi\u00f9 piacevole. E cos\u00ec anche San Massimiliano Kolbe pianific\u00f2 che i Cavalieri si incontrassero regolarmente per la preghiera e l&#8217;apostolato (chiam\u00f2 questo MI Livello 2).<br \/>\n&#8220;Nel secondo grado della M.I., i Cavalieri si vincolano con statuti e programmi speciali. Essi uniscono le loro forze, al fine di raggiungere pi\u00f9 rapidamente ed efficacemente l&#8217;obiettivo dichiarato&#8221; (San Massimiliano Kolbe).<br \/>\nIl primo risultato in tal senso \u00e8 spesso principalmente interno piuttosto che esterno. Cos\u00ec Don Bosco disse queste parole di San Domenico Savio: &#8220;Il primo consiglio che gli fu dato per aiutarlo a diventare santo fu quello di mettersi in cammino per conquistare anime a Dio, perch\u00e9 non c&#8217;\u00e8 lavoro pi\u00f9 santo in questa vita che lavorare per il bene delle anime, per la cui salvezza Ges\u00f9 Cristo ha versato l&#8217;ultima goccia del suo Preziosissimo Sangue&#8221;.<br \/>\nUn apostolato comune nel priorato o in una missione \u00e8 benefico prima di tutto per i propri fedeli. Lo spirito dell&#8217;apostolato \u00e8 uno dei mezzi migliori per santificarsi e armarsi contro lo spirito del mondo, perch\u00e9 cos\u00ec facendo egli combatte attivamente questo spirito invece di limitarsi a denunciarlo.<br \/>\nPrima di iniziare a pensare alla costituzione di un gruppo, suggeriamo la seguente procedura:<\/p>\n<ol>\n<li>Pregate l&#8217;Immacolata, perch\u00e9 benedica questa impresa.<\/li>\n<li>Parla con il tuo sacerdote della tua intenzione di creare un gruppo di MI.<\/li>\n<li>A condizione che il sacerdote in carica sostenga questa impresa, pensate (preferibilmente insieme al sacerdote) a chi altro potrebbe essere interessato a lavorare con l&#8217;MI e fate una campagna per la causa di conseguenza. A tal fine, potrebbero essere utili le seguenti misure:<\/li>\n<\/ol>\n<p>&#8211; Sermoni e\/o conferenze sulla Milizia Immacolata<br \/>\n&#8211; Parla direttamente con i fedeli che potrebbero essere interessati<br \/>\n&#8211; Fornire informazioni sull&#8217;MI, in particolare le linee guida per l&#8217;iscrizione.<br \/>\nEin gemeinsames Apostolat im Priorat oder in der Kapelle kommt somit zuallererst den eigenen Gl\u00e4ubigen zu Gute. Der Geist des Apostolates, ist eines der besten Mittel, um sich zu heiligen und gegen den Weltgeist zu wappnen, weil man diesen damit nicht nur ablehnt, sondern aktiv bek\u00e4mpft.<br \/>\n4. Specificate, insieme al Priore, quali potrebbero essere gli obiettivi del gruppo locale di MI e come vorreste che fossero organizzati (attivit\u00e0 apostoliche, incontri periodici di preghiera, conferenze, processioni, ecc.). Su richiesta, possiamo fornire idee pratiche per l&#8217;apostolato. (Si veda a tal proposito anche: <a href=\"https:\/\/m-i.info\/en\/concrete-apostolate\/\">Apostolato cemento<\/a>)<\/p>\n","protected":false},"excerpt":{"rendered":"<p>\u00c8 ovvio che lavorare in gruppo \u00e8 pi\u00f9 efficace da un lato, ma anche pi\u00f9 piacevole. E cos\u00ec anche San Massimiliano Kolbe pianific\u00f2 che i Cavalieri si incontrassero regolarmente per la preghiera e l&#8217;apostolato (chiam\u00f2 questo MI Livello 2). &#8220;Nel secondo grado della M.I., i Cavalieri si vincolano con statuti e programmi speciali. Essi uniscono [&hellip;]<\/p>\n","protected":false},"author":1,"featured_media":0,"parent":0,"menu_order":0,"comment_status":"closed","ping_status":"closed","template":"","meta":{"_uag_custom_page_level_css":"","footnotes":""},"categories":[],"tags":[],"class_list":["post-79166","page","type-page","status-publish","hentry"],"yoast_head":"<!-- This site is optimized with the Yoast SEO plugin v23.3 - https:\/\/yoast.com\/wordpress\/plugins\/seo\/ -->\n<title>Linee guida per la costituzione di un gruppo MI - Dev1<\/title>\n<meta name=\"robots\" content=\"noindex, follow, max-snippet:-1, max-image-preview:large, max-video-preview:-1\" \/>\n<meta property=\"og:locale\" content=\"it_IT\" \/>\n<meta property=\"og:type\" content=\"article\" \/>\n<meta property=\"og:title\" content=\"Linee guida per la costituzione di un gruppo MI - Dev1\" \/>\n<meta property=\"og:description\" content=\"\u00c8 ovvio che lavorare in gruppo \u00e8 pi\u00f9 efficace da un lato, ma anche pi\u00f9 piacevole. E cos\u00ec anche San Massimiliano Kolbe pianific\u00f2 che i Cavalieri si incontrassero regolarmente per la preghiera e l&#8217;apostolato (chiam\u00f2 questo MI Livello 2). &#8220;Nel secondo grado della M.I., i Cavalieri si vincolano con statuti e programmi speciali. Essi uniscono [&hellip;]\" \/>\n<meta property=\"og:url\" content=\"https:\/\/dev1.mi-backup.ch\/it\/__trashed-14\/\" \/>\n<meta property=\"og:site_name\" content=\"Dev1\" \/>\n<meta property=\"article:publisher\" content=\"https:\/\/www.facebook.com\/mi.1917\" \/>\n<meta property=\"article:modified_time\" content=\"2024-08-16T09:06:18+00:00\" \/>\n<meta name=\"twitter:card\" content=\"summary_large_image\" \/>\n<meta name=\"twitter:site\" content=\"@mi_traditional\" \/>\n<meta name=\"twitter:label1\" content=\"Tempo di lettura stimato\" \/>\n\t<meta name=\"twitter:data1\" content=\"2 minuti\" \/>\n<script type=\"application\/ld+json\" class=\"yoast-schema-graph\">{\"@context\":\"https:\/\/schema.org\",\"@graph\":[{\"@type\":\"WebPage\",\"@id\":\"https:\/\/dev1.mi-backup.ch\/it\/__trashed-14\/\",\"url\":\"https:\/\/dev1.mi-backup.ch\/it\/__trashed-14\/\",\"name\":\"Linee guida per la costituzione di un gruppo MI - Dev1\",\"isPartOf\":{\"@id\":\"https:\/\/dev1.mi-backup.ch\/it\/#website\"},\"datePublished\":\"2017-02-07T13:00:13+00:00\",\"dateModified\":\"2024-08-16T09:06:18+00:00\",\"breadcrumb\":{\"@id\":\"https:\/\/dev1.mi-backup.ch\/it\/__trashed-14\/#breadcrumb\"},\"inLanguage\":\"it-IT\",\"potentialAction\":[{\"@type\":\"ReadAction\",\"target\":[\"https:\/\/dev1.mi-backup.ch\/it\/__trashed-14\/\"]}]},{\"@type\":\"BreadcrumbList\",\"@id\":\"https:\/\/dev1.mi-backup.ch\/it\/__trashed-14\/#breadcrumb\",\"itemListElement\":[{\"@type\":\"ListItem\",\"position\":1,\"name\":\"Home\",\"item\":\"https:\/\/dev1.mi-backup.ch\/it\/\"},{\"@type\":\"ListItem\",\"position\":2,\"name\":\"Linee guida per la costituzione di un gruppo MI\"}]},{\"@type\":\"WebSite\",\"@id\":\"https:\/\/dev1.mi-backup.ch\/it\/#website\",\"url\":\"https:\/\/dev1.mi-backup.ch\/it\/\",\"name\":\"https:\/\/m-i.info\/de\/\",\"description\":\"\",\"publisher\":{\"@id\":\"https:\/\/dev1.mi-backup.ch\/it\/#organization\"},\"potentialAction\":[{\"@type\":\"SearchAction\",\"target\":{\"@type\":\"EntryPoint\",\"urlTemplate\":\"https:\/\/dev1.mi-backup.ch\/it\/?s={search_term_string}\"},\"query-input\":\"required name=search_term_string\"}],\"inLanguage\":\"it-IT\"},{\"@type\":\"Organization\",\"@id\":\"https:\/\/dev1.mi-backup.ch\/it\/#organization\",\"name\":\"Militia Immaculatae\",\"url\":\"https:\/\/dev1.mi-backup.ch\/it\/\",\"logo\":{\"@type\":\"ImageObject\",\"inLanguage\":\"it-IT\",\"@id\":\"https:\/\/dev1.mi-backup.ch\/it\/#\/schema\/logo\/image\/\",\"url\":\"https:\/\/dev1.mi-backup.ch\/wp-content\/uploads\/2024\/07\/Logo-MI-min.jpg\",\"contentUrl\":\"https:\/\/dev1.mi-backup.ch\/wp-content\/uploads\/2024\/07\/Logo-MI-min.jpg\",\"width\":236,\"height\":149,\"caption\":\"Militia Immaculatae\"},\"image\":{\"@id\":\"https:\/\/dev1.mi-backup.ch\/it\/#\/schema\/logo\/image\/\"},\"sameAs\":[\"https:\/\/www.facebook.com\/mi.1917\",\"https:\/\/x.com\/mi_traditional\",\"https:\/\/www.youtube.com\/MilitiaImmaculatae\",\"https:\/\/t.me\/MilitiaImmaculatae\"]}]}<\/script>\n<!-- \/ Yoast SEO plugin. -->","yoast_head_json":{"title":"Linee guida per la costituzione di un gruppo MI - Dev1","robots":{"index":"noindex","follow":"follow","max-snippet":"max-snippet:-1","max-image-preview":"max-image-preview:large","max-video-preview":"max-video-preview:-1"},"og_locale":"it_IT","og_type":"article","og_title":"Linee guida per la costituzione di un gruppo MI - Dev1","og_description":"\u00c8 ovvio che lavorare in gruppo \u00e8 pi\u00f9 efficace da un lato, ma anche pi\u00f9 piacevole. E cos\u00ec anche San Massimiliano Kolbe pianific\u00f2 che i Cavalieri si incontrassero regolarmente per la preghiera e l&#8217;apostolato (chiam\u00f2 questo MI Livello 2). &#8220;Nel secondo grado della M.I., i Cavalieri si vincolano con statuti e programmi speciali. Essi uniscono [&hellip;]","og_url":"https:\/\/dev1.mi-backup.ch\/it\/__trashed-14\/","og_site_name":"Dev1","article_publisher":"https:\/\/www.facebook.com\/mi.1917","article_modified_time":"2024-08-16T09:06:18+00:00","twitter_card":"summary_large_image","twitter_site":"@mi_traditional","twitter_misc":{"Tempo di lettura stimato":"2 minuti"},"schema":{"@context":"https:\/\/schema.org","@graph":[{"@type":"WebPage","@id":"https:\/\/dev1.mi-backup.ch\/it\/__trashed-14\/","url":"https:\/\/dev1.mi-backup.ch\/it\/__trashed-14\/","name":"Linee guida per la costituzione di un gruppo MI - Dev1","isPartOf":{"@id":"https:\/\/dev1.mi-backup.ch\/it\/#website"},"datePublished":"2017-02-07T13:00:13+00:00","dateModified":"2024-08-16T09:06:18+00:00","breadcrumb":{"@id":"https:\/\/dev1.mi-backup.ch\/it\/__trashed-14\/#breadcrumb"},"inLanguage":"it-IT","potentialAction":[{"@type":"ReadAction","target":["https:\/\/dev1.mi-backup.ch\/it\/__trashed-14\/"]}]},{"@type":"BreadcrumbList","@id":"https:\/\/dev1.mi-backup.ch\/it\/__trashed-14\/#breadcrumb","itemListElement":[{"@type":"ListItem","position":1,"name":"Home","item":"https:\/\/dev1.mi-backup.ch\/it\/"},{"@type":"ListItem","position":2,"name":"Linee guida per la costituzione di un gruppo MI"}]},{"@type":"WebSite","@id":"https:\/\/dev1.mi-backup.ch\/it\/#website","url":"https:\/\/dev1.mi-backup.ch\/it\/","name":"https:\/\/m-i.info\/de\/","description":"","publisher":{"@id":"https:\/\/dev1.mi-backup.ch\/it\/#organization"},"potentialAction":[{"@type":"SearchAction","target":{"@type":"EntryPoint","urlTemplate":"https:\/\/dev1.mi-backup.ch\/it\/?s={search_term_string}"},"query-input":"required name=search_term_string"}],"inLanguage":"it-IT"},{"@type":"Organization","@id":"https:\/\/dev1.mi-backup.ch\/it\/#organization","name":"Militia Immaculatae","url":"https:\/\/dev1.mi-backup.ch\/it\/","logo":{"@type":"ImageObject","inLanguage":"it-IT","@id":"https:\/\/dev1.mi-backup.ch\/it\/#\/schema\/logo\/image\/","url":"https:\/\/dev1.mi-backup.ch\/wp-content\/uploads\/2024\/07\/Logo-MI-min.jpg","contentUrl":"https:\/\/dev1.mi-backup.ch\/wp-content\/uploads\/2024\/07\/Logo-MI-min.jpg","width":236,"height":149,"caption":"Militia Immaculatae"},"image":{"@id":"https:\/\/dev1.mi-backup.ch\/it\/#\/schema\/logo\/image\/"},"sameAs":["https:\/\/www.facebook.com\/mi.1917","https:\/\/x.com\/mi_traditional","https:\/\/www.youtube.com\/MilitiaImmaculatae","https:\/\/t.me\/MilitiaImmaculatae"]}]}},"uagb_featured_image_src":{"full":false,"thumbnail":false,"medium":false,"medium_large":false,"large":false,"thumblist":false,"thumbrelated":false,"meccarouselthumb":false,"gridsquare":false,"tileview":false,"1536x1536":false,"2048x2048":false},"uagb_author_info":{"display_name":"admin","author_link":"https:\/\/dev1.mi-backup.ch\/it\/author\/dadmin\/"},"uagb_comment_info":0,"uagb_excerpt":"\u00c8 ovvio che lavorare in gruppo \u00e8 pi\u00f9 efficace da un lato, ma anche pi\u00f9 piacevole. E cos\u00ec anche San Massimiliano Kolbe pianific\u00f2 che i Cavalieri si incontrassero regolarmente per la preghiera e l&#8217;apostolato (chiam\u00f2 questo MI Livello 2). &#8220;Nel secondo grado della M.I., i Cavalieri si vincolano con statuti e programmi speciali. Essi uniscono&hellip;","_links":{"self":[{"href":"https:\/\/dev1.mi-backup.ch\/it\/wp-json\/wp\/v2\/pages\/79166","targetHints":{"allow":["GET"]}}],"collection":[{"href":"https:\/\/dev1.mi-backup.ch\/it\/wp-json\/wp\/v2\/pages"}],"about":[{"href":"https:\/\/dev1.mi-backup.ch\/it\/wp-json\/wp\/v2\/types\/page"}],"author":[{"embeddable":true,"href":"https:\/\/dev1.mi-backup.ch\/it\/wp-json\/wp\/v2\/users\/1"}],"replies":[{"embeddable":true,"href":"https:\/\/dev1.mi-backup.ch\/it\/wp-json\/wp\/v2\/comments?post=79166"}],"version-history":[{"count":1,"href":"https:\/\/dev1.mi-backup.ch\/it\/wp-json\/wp\/v2\/pages\/79166\/revisions"}],"predecessor-version":[{"id":79272,"href":"https:\/\/dev1.mi-backup.ch\/it\/wp-json\/wp\/v2\/pages\/79166\/revisions\/79272"}],"wp:attachment":[{"href":"https:\/\/dev1.mi-backup.ch\/it\/wp-json\/wp\/v2\/media?parent=79166"}],"wp:term":[{"taxonomy":"category","embeddable":true,"href":"https:\/\/dev1.mi-backup.ch\/it\/wp-json\/wp\/v2\/categories?post=79166"},{"taxonomy":"post_tag","embeddable":true,"href":"https:\/\/dev1.mi-backup.ch\/it\/wp-json\/wp\/v2\/tags?post=79166"}],"curies":[{"name":"wp","href":"https:\/\/api.w.org\/{rel}","templated":true}]}}